{"id":762,"date":"2025-11-10T16:17:28","date_gmt":"2025-11-10T16:17:28","guid":{"rendered":"https:\/\/lgtooling.pt\/index.php\/privacy-policy\/"},"modified":"2025-11-11T13:09:54","modified_gmt":"2025-11-11T13:09:54","slug":"privacy-policy","status":"publish","type":"page","link":"https:\/\/lgtooling.pt\/en\/privacy-policy\/","title":{"rendered":"Privacy Policy"},"content":{"rendered":"\t\t<div data-elementor-type=\"wp-page\" data-elementor-id=\"762\" class=\"elementor elementor-762 elementor-360\" data-elementor-post-type=\"page\">\n\t\t\t\t<div class=\"elementor-element elementor-element-0444a15 e-flex e-con-boxed e-con e-parent\" data-id=\"0444a15\" data-element_type=\"container\" data-e-type=\"container\" data-settings=\"{&quot;background_background&quot;:&quot;classic&quot;}\">\n\t\t\t\t\t<div class=\"e-con-inner\">\n\t\t\t\t<div class=\"elementor-element elementor-element-33d858f elementor-widget__width-initial elementor-widget elementor-widget-heading\" data-id=\"33d858f\" data-element_type=\"widget\" data-e-type=\"widget\" data-widget_type=\"heading.default\">\n\t\t\t\t<div class=\"elementor-widget-container\">\n\t\t\t\t\t<h2 class=\"elementor-heading-title elementor-size-default\">Privacy Policy<\/h2>\t\t\t\t<\/div>\n\t\t\t\t<\/div>\n\t\t\t\t\t<\/div>\n\t\t\t\t<\/div>\n\t\t<div class=\"elementor-element elementor-element-d62ad9c e-flex e-con-boxed e-con e-parent\" data-id=\"d62ad9c\" data-element_type=\"container\" data-e-type=\"container\" data-settings=\"{&quot;background_background&quot;:&quot;classic&quot;}\">\n\t\t\t\t\t<div class=\"e-con-inner\">\n\t\t<div class=\"elementor-element elementor-element-eb6d412 e-con-full e-flex e-con e-child\" data-id=\"eb6d412\" data-element_type=\"container\" data-e-type=\"container\">\n\t\t\t\t<div class=\"elementor-element elementor-element-5708c1c elementor-widget elementor-widget-text-editor\" data-id=\"5708c1c\" data-element_type=\"widget\" data-e-type=\"widget\" data-widget_type=\"text-editor.default\">\n\t\t\t\t<div class=\"elementor-widget-container\">\n\t\t\t\t\t\t\t\t\t<h4>1. Privacy Policy<\/h4><p>L&amp;G Dynamics, Lda. and its affiliated brands L&amp;G Tooling and L&amp;G Lupinos respect your privacy and are committed to protecting the personal data of users of their website, in accordance with Regulation (EU) 2016\/679 \u2013 General Data Protection Regulation (GDPR). <\/p><h5>1.1. Data Controller<\/h5><p>The entity responsible for processing the data is: L&amp;G Dynamics, Lda.Tecnea \u2013 Business Center Rua Marco da L\u00e9gua, 700 Office 1.15 2400-016 Leiria Portugal<br>NIF: PT518242633 Contact email for privacy: lgdynamics@lgdynamics.pt<\/p><h5>1.2. Personal data we collect<\/h5><p>We may collect the following types of personal data: \u2013 Name, email and phone number; \u2013 Professional information (such as company and job title); \u2013 Technical data such as IP address and browser type (via cookies).<\/p><h5>1.3. Purpose of Data Processing<\/h5><p>The data collected is processed for the following purposes:- Responding to contact requests; \u2013 Sending commercial communications (if authorized); \u2013 Improving the website user experience; \u2013 Complying with legal or contractual obligations.<\/p><h5>1.4. Legal basis for processing<\/h5><p>We process your data based on:- Consent; \u2013 Contact Performance or pre-contractual steps; \u2013 Legitimate interest; \u2013 Legal obligations.<\/p><h5>1.5. Data Sharing with third parties<\/h5><p>L&amp;G Dynamics, Lda. does not sell or share your data for commercial purposes. We may share with service providers or legal authorities, if required by law.  <\/p><h5>1.6. Data retention<\/h5><p>Personal data is retained only for the period necessary to fulfil the purposes stated, or as required by law.<\/p><h5>1.7. Data Subject Rights<\/h5><p>you have the right to- Access, rectify, or erase your data; \u2013 Restrict or object to its processing; \u2013 Data Portability; \u2013 Withdraw consent; \u2013 File a Complain with the CNPD (www.cnpd.pt).<\/p><h5>1.8. Cookies<\/h5><p>Our website uses cookies to improve the user experience. Please refer to the Cookie Policy below. <\/p><h5>1.9. Data security<\/h5><p>We implement technical and organisational measures to protect your data from unauthorised access, loss or disclosure.<\/p><h5>1.10. Subcontractors<\/h5><p>Where we engage subcontractors, they are required to protect personal data in accordance with applicable legislation and contractual terms.<\/p><h5>1.11. Links to other websites<\/h5><p>Our website may contain links to third-party websites. This Privacy Policy does not apply to those sites. We recommend reviewing their own privacy policies.  <\/p><h5>1.12. Changes to the Privacy Policy<\/h5><p>This policy may be updated. The most recent version will always be available on this website. <\/p><h4>2. Cookie Policy<\/h4><h5>2.1. What are cookies?<\/h5><p>Cookies are small text files stored on your device when you visit a website. They help improve navigation and display more relevant content.\nAjudam a melhorar a navega\u00e7\u00e3o e a apresentar conte\u00fados relevantes. <\/p><h5>2.2. Why do we use cookies?<\/h5><p>We use cookies to:- Ensure proper website functionality; \u2013 Enhance performance and security; \u2013 Analyze traffic; \u2013 Remember user preferences; \u2013 Deliver relevant content.<\/p><h5>2.3. Types of cookies used<\/h5><p>\u2013 Essential: necessary for site operation;<\/p><p>\u2013 Performance: used for analysing usage and errors; \u2013 Functionality: Store user preferences;<\/p><p>\u2013 Third party: e.g., Google Analytics.<\/p><h5>2.4. Consent<\/h5><p>Upon visiting the website, you will be asked for your consent. You can manage or withdraw your consent at any time.\nPode configurar ou retirar consentimento a qualquer momento. <\/p><h5>2.5. Managing or disabling cookies<\/h5><p>You can change your browser settings to manage or disable cookies. Some site functionalities may be affected. <\/p><h5>2.6. Third-party cookies<\/h5><p>We use services such as Google Analytics. Please consult the privacy policies of these platforms for further information. <\/p><h5>2.7. Changes to the Cookie Policy<\/h5><p>This policy may be updated. Please check it regularly to stay informed. <br>Last updated: 15\/06\/2025<\/p>\t\t\t\t\t\t\t\t<\/div>\n\t\t\t\t<\/div>\n\t\t\t\t<div class=\"elementor-element elementor-element-4979bee elementor-absolute elementor-widget elementor-widget-image\" data-id=\"4979bee\" data-element_type=\"widget\" data-e-type=\"widget\" data-settings=\"{&quot;_position&quot;:&quot;absolute&quot;}\" data-widget_type=\"image.default\">\n\t\t\t\t<div class=\"elementor-widget-container\">\n\t\t\t\t\t\t\t\t\t\t\t\t\t\t\t<img fetchpriority=\"high\" decoding=\"async\" width=\"800\" height=\"606\" src=\"https:\/\/lgtooling.pt\/wp-content\/uploads\/2025\/11\/icon-1024x776.webp\" class=\"attachment-large size-large wp-image-691\" alt=\"\" srcset=\"https:\/\/lgtooling.pt\/wp-content\/uploads\/2025\/11\/icon-1024x776.webp 1024w, https:\/\/lgtooling.pt\/wp-content\/uploads\/2025\/11\/icon-300x227.webp 300w, https:\/\/lgtooling.pt\/wp-content\/uploads\/2025\/11\/icon-768x582.webp 768w, https:\/\/lgtooling.pt\/wp-content\/uploads\/2025\/11\/icon-1536x1164.webp 1536w, https:\/\/lgtooling.pt\/wp-content\/uploads\/2025\/11\/icon-2048x1553.webp 2048w\" sizes=\"(max-width: 800px) 100vw, 800px\" \/>\t\t\t\t\t\t\t\t\t\t\t\t\t\t\t<\/div>\n\t\t\t\t<\/div>\n\t\t\t\t<\/div>\n\t\t\t\t\t<\/div>\n\t\t\t\t<\/div>\n\t\t\t\t<\/div>\n\t\t","protected":false},"excerpt":{"rendered":"<p>Privacy Policy 1. Privacy Policy L&amp;G Dynamics, Lda. and its affiliated brands L&amp;G Tooling and L&amp;G Lupinos respect your privacy and are committed to protecting the personal data of users of their website, in accordance with Regulation (EU) 2016\/679 \u2013 General Data Protection Regulation (GDPR). 1.1. Data Controller The entity responsible for processing the data [&hellip;]<\/p>\n","protected":false},"author":1,"featured_media":0,"parent":0,"menu_order":0,"comment_status":"closed","ping_status":"closed","template":"","meta":{"footnotes":""},"class_list":["post-762","page","type-page","status-publish","hentry"],"_links":{"self":[{"href":"https:\/\/lgtooling.pt\/en\/wp-json\/wp\/v2\/pages\/762","targetHints":{"allow":["GET"]}}],"collection":[{"href":"https:\/\/lgtooling.pt\/en\/wp-json\/wp\/v2\/pages"}],"about":[{"href":"https:\/\/lgtooling.pt\/en\/wp-json\/wp\/v2\/types\/page"}],"author":[{"embeddable":true,"href":"https:\/\/lgtooling.pt\/en\/wp-json\/wp\/v2\/users\/1"}],"replies":[{"embeddable":true,"href":"https:\/\/lgtooling.pt\/en\/wp-json\/wp\/v2\/comments?post=762"}],"version-history":[{"count":1,"href":"https:\/\/lgtooling.pt\/en\/wp-json\/wp\/v2\/pages\/762\/revisions"}],"predecessor-version":[{"id":763,"href":"https:\/\/lgtooling.pt\/en\/wp-json\/wp\/v2\/pages\/762\/revisions\/763"}],"wp:attachment":[{"href":"https:\/\/lgtooling.pt\/en\/wp-json\/wp\/v2\/media?parent=762"}],"curies":[{"name":"wp","href":"https:\/\/api.w.org\/{rel}","templated":true}]}}